{"id":24,"date":"2017-08-14T10:04:30","date_gmt":"2017-08-14T08:04:30","guid":{"rendered":"http:\/\/lpcpuget.legtux.org\/?page_id=24"},"modified":"2020-07-31T16:42:11","modified_gmt":"2020-07-31T14:42:11","slug":"puces-de-brodeuses-et-couturieres","status":"publish","type":"page","link":"http:\/\/www.lpcpuget.com\/?page_id=24","title":{"rendered":"Puces de Couturi\u00e8res"},"content":{"rendered":"<p>Chaque ann\u00e9e, notre association organise aux alentours du mois de f\u00e9vrier des Puces de Couturi\u00e8res. Ces puces sont destin\u00e9es aux passionn\u00e9es d&rsquo;Art du fil qui souhaitent acheter ou vendre des articles d&rsquo;occasion.<!--more--><\/p>\n<p>Vous faites partie d&rsquo;un club (broderie, patchwork, boutis, dentelle&#8230;) et vous souhaitez vider vos tiroirs et armoires, n&rsquo;h\u00e9sitez pas \u00e0 nous contacter par mail (contact@LpcPuget.com) pour r\u00e9server un stand et conna\u00eetre les conditions de participation.<\/p>\n<p><img loading=\"lazy\" decoding=\"async\" class=\"aligncenter size-large wp-image-12\" src=\"http:\/\/lpcpuget.legtux.org\/wp-content\/uploads\/2017\/08\/puces_brodeuses-001-1024x683.jpg\" alt=\"\" width=\"768\" height=\"512\" srcset=\"http:\/\/www.lpcpuget.com\/wp-content\/uploads\/2017\/08\/puces_brodeuses-001.jpg 1024w, http:\/\/www.lpcpuget.com\/wp-content\/uploads\/2017\/08\/puces_brodeuses-001-300x200.jpg 300w, http:\/\/www.lpcpuget.com\/wp-content\/uploads\/2017\/08\/puces_brodeuses-001-768x512.jpg 768w\" sizes=\"auto, (max-width: 768px) 100vw, 768px\" \/><\/p>\n<p>Pour les visiteurs, l&rsquo;entr\u00e9e et le parking sont gratuits, une buvette \/ snack sera organis\u00e9e sur place. Nous vous attendons nombreuses pour faire de bonnes affaires !!!<\/p>\n<p>Il est enfin important de noter que ces puces se tiennent comme chaque ann\u00e9e \u00e0 l&rsquo;int\u00e9rieur de l&rsquo;Espace culturel Victor Hugo de Puget sur Argens, et donc elles auront lieu m\u00eame en cas de mauvais temps !!!<\/p>\n<p>N&rsquo;h\u00e9sitez pas \u00e0 revenir r\u00e9guli\u00e8rement sur notre site pour avoir des informations d\u00e9taill\u00e9es sur la prochaine \u00e9dition de nos Puces de\u00a0 Couturi\u00e8res.<\/p>\n","protected":false},"excerpt":{"rendered":"<p>Chaque ann\u00e9e, notre association organise aux alentours du mois de f\u00e9vrier des Puces de Couturi\u00e8res. Ces puces sont destin\u00e9es aux passionn\u00e9es d&rsquo;Art du fil qui souhaitent acheter ou vendre des articles d&rsquo;occasion.<\/p>\n","protected":false},"author":1,"featured_media":0,"parent":0,"menu_order":0,"comment_status":"closed","ping_status":"closed","template":"","meta":{"footnotes":""},"class_list":["post-24","page","type-page","status-publish","hentry"],"post_mailing_queue_ids":[],"_links":{"self":[{"href":"http:\/\/www.lpcpuget.com\/index.php?rest_route=\/wp\/v2\/pages\/24","targetHints":{"allow":["GET"]}}],"collection":[{"href":"http:\/\/www.lpcpuget.com\/index.php?rest_route=\/wp\/v2\/pages"}],"about":[{"href":"http:\/\/www.lpcpuget.com\/index.php?rest_route=\/wp\/v2\/types\/page"}],"author":[{"embeddable":true,"href":"http:\/\/www.lpcpuget.com\/index.php?rest_route=\/wp\/v2\/users\/1"}],"replies":[{"embeddable":true,"href":"http:\/\/www.lpcpuget.com\/index.php?rest_route=%2Fwp%2Fv2%2Fcomments&post=24"}],"version-history":[{"count":2,"href":"http:\/\/www.lpcpuget.com\/index.php?rest_route=\/wp\/v2\/pages\/24\/revisions"}],"predecessor-version":[{"id":343,"href":"http:\/\/www.lpcpuget.com\/index.php?rest_route=\/wp\/v2\/pages\/24\/revisions\/343"}],"wp:attachment":[{"href":"http:\/\/www.lpcpuget.com\/index.php?rest_route=%2Fwp%2Fv2%2Fmedia&parent=24"}],"curies":[{"name":"wp","href":"https:\/\/api.w.org\/{rel}","templated":true}]}}